{"id":12,"date":"2025-08-06T19:14:45","date_gmt":"2025-08-06T17:14:45","guid":{"rendered":"https:\/\/agadirexclusivetours.com\/terms-conditions\/"},"modified":"2026-03-26T19:13:00","modified_gmt":"2026-03-26T18:13:00","slug":"politique-de-confidentialite","status":"publish","type":"page","link":"https:\/\/agadirexclusivetours.com\/en\/politique-de-confidentialite\/","title":{"rendered":"Politique de Confidentialit\u00e9"},"content":{"rendered":"<h3>1. Collecte des donn\u00e9es<\/h3>\n<p>Nous collectons uniquement les informations n\u00e9cessaires \u00e0 la r\u00e9servation :<\/p>\n<ul>\n<li>\n<p>Nom<\/p>\n<\/li>\n<li>\n<p>Phone number<\/p>\n<\/li>\n<li>\n<p>Email<\/p>\n<\/li>\n<li>\n<p>D\u00e9tails de la r\u00e9servation<\/p>\n<\/li>\n<\/ul>\n<h3>2. Utilisation des donn\u00e9es<\/h3>\n<p>Les donn\u00e9es sont utilis\u00e9es pour :<\/p>\n<ul>\n<li>\n<p>Confirmer les r\u00e9servations<\/p>\n<\/li>\n<li>\n<p>Contacter les clients<\/p>\n<\/li>\n<li>\n<p>Am\u00e9liorer nos services<\/p>\n<\/li>\n<\/ul>\n<h3>3. Protection des donn\u00e9es<\/h3>\n<p>Vos donn\u00e9es sont s\u00e9curis\u00e9es et ne sont jamais vendues ou partag\u00e9es avec des tiers sans votre consentement.<\/p>\n<h3>4. Cookies<\/h3>\n<p>Notre site peut utiliser des cookies pour am\u00e9liorer l\u2019exp\u00e9rience utilisateur.<\/p>\n<h3>5. Droit des utilisateurs<\/h3>\n<p>Vous pouvez demander :<\/p>\n<ul>\n<li>\n<p>L\u2019acc\u00e8s \u00e0 vos donn\u00e9es<\/p>\n<\/li>\n<li>\n<p>Leur modification ou suppression<\/p>\n<\/li>\n<\/ul>\n<h3>6. Contact<\/h3>\n<p>Pour toute demande :<br \/>Email : <a href=\"mailto:contact@agadirexclusivetours.com\">contact@agadirexclusivetours.com<\/a><\/p>\n\n\n<p><\/p>","protected":false},"excerpt":{"rendered":"<p>1. Collecte des donn\u00e9es Nous collectons uniquement les informations n\u00e9cessaires \u00e0 la r\u00e9servation : Nom Num\u00e9ro de t\u00e9l\u00e9phone Email D\u00e9tails de la r\u00e9servation 2. Utilisation des donn\u00e9es Les donn\u00e9es sont [&hellip;]<\/p>\n","protected":false},"author":1,"featured_media":0,"parent":0,"menu_order":0,"comment_status":"closed","ping_status":"closed","template":"","meta":{"_joinchat":[],"footnotes":""},"class_list":["post-12","page","type-page","status-publish","hentry"],"yoast_head":"<!-- This site is optimized with the Yoast SEO plugin v27.5 - https:\/\/yoast.com\/product\/yoast-seo-wordpress\/ -->\n<title>Politique de Confidentialit\u00e9 - Agadir Exclusive Tours<\/title>\n<meta name=\"robots\" content=\"index, follow, max-snippet:-1, max-image-preview:large, max-video-preview:-1\" \/>\n<link rel=\"canonical\" href=\"https:\/\/agadirexclusivetours.com\/en\/politique-de-confidentialite\/\" \/>\n<meta property=\"og:locale\" content=\"en_US\" \/>\n<meta property=\"og:type\" content=\"article\" \/>\n<meta property=\"og:title\" content=\"Politique de Confidentialit\u00e9 - Agadir Exclusive Tours\" \/>\n<meta property=\"og:description\" content=\"1. Collecte des donn\u00e9es Nous collectons uniquement les informations n\u00e9cessaires \u00e0 la r\u00e9servation : Nom Num\u00e9ro de t\u00e9l\u00e9phone Email D\u00e9tails de la r\u00e9servation 2. Utilisation des donn\u00e9es Les donn\u00e9es sont [&hellip;]\" \/>\n<meta property=\"og:url\" content=\"https:\/\/agadirexclusivetours.com\/en\/politique-de-confidentialite\/\" \/>\n<meta property=\"og:site_name\" content=\"Agadir Exclusive Tours\" \/>\n<meta property=\"article:modified_time\" content=\"2026-03-26T18:13:00+00:00\" \/>\n<meta name=\"twitter:card\" content=\"summary_large_image\" \/>\n<meta name=\"twitter:label1\" content=\"Est. reading time\" \/>\n\t<meta name=\"twitter:data1\" content=\"1 minute\" \/>\n<script type=\"application\/ld+json\" class=\"yoast-schema-graph\">{\"@context\":\"https:\\\/\\\/schema.org\",\"@graph\":[{\"@type\":\"WebPage\",\"@id\":\"https:\\\/\\\/agadirexclusivetours.com\\\/politique-de-confidentialite\\\/\",\"url\":\"https:\\\/\\\/agadirexclusivetours.com\\\/politique-de-confidentialite\\\/\",\"name\":\"Politique de Confidentialit\u00e9 - Agadir Exclusive Tours\",\"isPartOf\":{\"@id\":\"https:\\\/\\\/agadirexclusivetours.com\\\/#website\"},\"datePublished\":\"2025-08-06T17:14:45+00:00\",\"dateModified\":\"2026-03-26T18:13:00+00:00\",\"breadcrumb\":{\"@id\":\"https:\\\/\\\/agadirexclusivetours.com\\\/politique-de-confidentialite\\\/#breadcrumb\"},\"inLanguage\":\"en-US\",\"potentialAction\":[{\"@type\":\"ReadAction\",\"target\":[\"https:\\\/\\\/agadirexclusivetours.com\\\/politique-de-confidentialite\\\/\"]}]},{\"@type\":\"BreadcrumbList\",\"@id\":\"https:\\\/\\\/agadirexclusivetours.com\\\/politique-de-confidentialite\\\/#breadcrumb\",\"itemListElement\":[{\"@type\":\"ListItem\",\"position\":1,\"name\":\"Accueil\",\"item\":\"https:\\\/\\\/agadirexclusivetours.com\\\/\"},{\"@type\":\"ListItem\",\"position\":2,\"name\":\"Politique de Confidentialit\u00e9\"}]},{\"@type\":\"WebSite\",\"@id\":\"https:\\\/\\\/agadirexclusivetours.com\\\/#website\",\"url\":\"https:\\\/\\\/agadirexclusivetours.com\\\/\",\"name\":\"Agadir Exclusive Tours\",\"description\":\"Exploration priv\u00e9e, exp\u00e9rience authentique.\",\"publisher\":{\"@id\":\"https:\\\/\\\/agadirexclusivetours.com\\\/#organization\"},\"potentialAction\":[{\"@type\":\"SearchAction\",\"target\":{\"@type\":\"EntryPoint\",\"urlTemplate\":\"https:\\\/\\\/agadirexclusivetours.com\\\/?s={search_term_string}\"},\"query-input\":{\"@type\":\"PropertyValueSpecification\",\"valueRequired\":true,\"valueName\":\"search_term_string\"}}],\"inLanguage\":\"en-US\"},{\"@type\":\"Organization\",\"@id\":\"https:\\\/\\\/agadirexclusivetours.com\\\/#organization\",\"name\":\"Agadir Exclusive Tours\",\"url\":\"https:\\\/\\\/agadirexclusivetours.com\\\/\",\"logo\":{\"@type\":\"ImageObject\",\"inLanguage\":\"en-US\",\"@id\":\"https:\\\/\\\/agadirexclusivetours.com\\\/#\\\/schema\\\/logo\\\/image\\\/\",\"url\":\"https:\\\/\\\/agadirexclusivetours.com\\\/wp-content\\\/uploads\\\/2025\\\/08\\\/LOGO-agadir-exclusive-tours.webp\",\"contentUrl\":\"https:\\\/\\\/agadirexclusivetours.com\\\/wp-content\\\/uploads\\\/2025\\\/08\\\/LOGO-agadir-exclusive-tours.webp\",\"width\":300,\"height\":160,\"caption\":\"Agadir Exclusive Tours\"},\"image\":{\"@id\":\"https:\\\/\\\/agadirexclusivetours.com\\\/#\\\/schema\\\/logo\\\/image\\\/\"}}]}<\/script>\n<!-- \/ Yoast SEO plugin. -->","yoast_head_json":{"title":"Politique de Confidentialit\u00e9 - Agadir Exclusive Tours","robots":{"index":"index","follow":"follow","max-snippet":"max-snippet:-1","max-image-preview":"max-image-preview:large","max-video-preview":"max-video-preview:-1"},"canonical":"https:\/\/agadirexclusivetours.com\/en\/politique-de-confidentialite\/","og_locale":"en_US","og_type":"article","og_title":"Politique de Confidentialit\u00e9 - Agadir Exclusive Tours","og_description":"1. Collecte des donn\u00e9es Nous collectons uniquement les informations n\u00e9cessaires \u00e0 la r\u00e9servation : Nom Num\u00e9ro de t\u00e9l\u00e9phone Email D\u00e9tails de la r\u00e9servation 2. Utilisation des donn\u00e9es Les donn\u00e9es sont [&hellip;]","og_url":"https:\/\/agadirexclusivetours.com\/en\/politique-de-confidentialite\/","og_site_name":"Agadir Exclusive Tours","article_modified_time":"2026-03-26T18:13:00+00:00","twitter_card":"summary_large_image","twitter_misc":{"Est. reading time":"1 minute"},"schema":{"@context":"https:\/\/schema.org","@graph":[{"@type":"WebPage","@id":"https:\/\/agadirexclusivetours.com\/politique-de-confidentialite\/","url":"https:\/\/agadirexclusivetours.com\/politique-de-confidentialite\/","name":"Politique de Confidentialit\u00e9 - Agadir Exclusive Tours","isPartOf":{"@id":"https:\/\/agadirexclusivetours.com\/#website"},"datePublished":"2025-08-06T17:14:45+00:00","dateModified":"2026-03-26T18:13:00+00:00","breadcrumb":{"@id":"https:\/\/agadirexclusivetours.com\/politique-de-confidentialite\/#breadcrumb"},"inLanguage":"en-US","potentialAction":[{"@type":"ReadAction","target":["https:\/\/agadirexclusivetours.com\/politique-de-confidentialite\/"]}]},{"@type":"BreadcrumbList","@id":"https:\/\/agadirexclusivetours.com\/politique-de-confidentialite\/#breadcrumb","itemListElement":[{"@type":"ListItem","position":1,"name":"Accueil","item":"https:\/\/agadirexclusivetours.com\/"},{"@type":"ListItem","position":2,"name":"Politique de Confidentialit\u00e9"}]},{"@type":"WebSite","@id":"https:\/\/agadirexclusivetours.com\/#website","url":"https:\/\/agadirexclusivetours.com\/","name":"Agadir Exclusive Tours","description":"Private exploration, authentic experience.","publisher":{"@id":"https:\/\/agadirexclusivetours.com\/#organization"},"potentialAction":[{"@type":"SearchAction","target":{"@type":"EntryPoint","urlTemplate":"https:\/\/agadirexclusivetours.com\/?s={search_term_string}"},"query-input":{"@type":"PropertyValueSpecification","valueRequired":true,"valueName":"search_term_string"}}],"inLanguage":"en-US"},{"@type":"Organization","@id":"https:\/\/agadirexclusivetours.com\/#organization","name":"Agadir Exclusive Tours","url":"https:\/\/agadirexclusivetours.com\/","logo":{"@type":"ImageObject","inLanguage":"en-US","@id":"https:\/\/agadirexclusivetours.com\/#\/schema\/logo\/image\/","url":"https:\/\/agadirexclusivetours.com\/wp-content\/uploads\/2025\/08\/LOGO-agadir-exclusive-tours.webp","contentUrl":"https:\/\/agadirexclusivetours.com\/wp-content\/uploads\/2025\/08\/LOGO-agadir-exclusive-tours.webp","width":300,"height":160,"caption":"Agadir Exclusive Tours"},"image":{"@id":"https:\/\/agadirexclusivetours.com\/#\/schema\/logo\/image\/"}}]}},"_links":{"self":[{"href":"https:\/\/agadirexclusivetours.com\/en\/wp-json\/wp\/v2\/pages\/12","targetHints":{"allow":["GET"]}}],"collection":[{"href":"https:\/\/agadirexclusivetours.com\/en\/wp-json\/wp\/v2\/pages"}],"about":[{"href":"https:\/\/agadirexclusivetours.com\/en\/wp-json\/wp\/v2\/types\/page"}],"author":[{"embeddable":true,"href":"https:\/\/agadirexclusivetours.com\/en\/wp-json\/wp\/v2\/users\/1"}],"replies":[{"embeddable":true,"href":"https:\/\/agadirexclusivetours.com\/en\/wp-json\/wp\/v2\/comments?post=12"}],"version-history":[{"count":1,"href":"https:\/\/agadirexclusivetours.com\/en\/wp-json\/wp\/v2\/pages\/12\/revisions"}],"predecessor-version":[{"id":3183,"href":"https:\/\/agadirexclusivetours.com\/en\/wp-json\/wp\/v2\/pages\/12\/revisions\/3183"}],"wp:attachment":[{"href":"https:\/\/agadirexclusivetours.com\/en\/wp-json\/wp\/v2\/media?parent=12"}],"curies":[{"name":"wp","href":"https:\/\/api.w.org\/{rel}","templated":true}]}}