{"id":25,"date":"2020-12-08T03:54:06","date_gmt":"2020-12-08T03:54:06","guid":{"rendered":"https:\/\/gaviaspreview.com\/wp\/tevily\/?page_id=25"},"modified":"2026-01-16T13:34:59","modified_gmt":"2026-01-16T12:34:59","slug":"news","status":"publish","type":"page","link":"https:\/\/agadirexclusivetours.com\/en\/news\/","title":{"rendered":"News"},"content":{"rendered":"<div data-elementor-type=\"wp-page\" data-elementor-id=\"25\" class=\"elementor elementor-25\">\n\t\t\t\t\t\t<section class=\"elementor-section elementor-top-section elementor-element elementor-element-59f29e4 elementor-section-full_width elementor-section-height-default elementor-section-height-default row-top\" data-id=\"59f29e4\" data-element_type=\"section\" data-e-type=\"section\" data-settings=\"{&quot;background_background&quot;:&quot;classic&quot;}\">\n\t\t\t\t\t\t<div class=\"elementor-container elementor-column-gap-default\">\n\t\t\t\t\t<div class=\"elementor-column elementor-col-100 elementor-top-column elementor-element elementor-element-6754167\" data-id=\"6754167\" data-element_type=\"column\" data-e-type=\"column\">\n\t\t\t<div class=\"elementor-widget-wrap elementor-element-populated\">\n\t\t\t\t\t\t<div class=\"elementor-element elementor-element-458306b elementor-widget elementor-widget-gva_post_breadcrumb\" data-id=\"458306b\" data-element_type=\"widget\" data-e-type=\"widget\" data-widget_type=\"gva_post_breadcrumb.default\">\n\t\t\t\t<div class=\"elementor-widget-container\">\n\t\t\t\t\t<div class=\"gva-element-gva_post_breadcrumb gva-element\">   \r\n<div class=\"post-breadcrumb\">\r\n   <div class=\"custom-breadcrumb\" >\r\n            <div class=\"breadcrumb-main\">\r\n        <div class=\"container\">\r\n          <div class=\"breadcrumb-container-inner\">\r\n            <h2 class=\"heading-title\">News<\/h2><ol class=\"breadcrumb\"><li><a href=\"https:\/\/agadirexclusivetours.com\/en\">Home<\/a> <\/li> <li class=\"active\">Page<\/li><\/ol>          <\/div>  \r\n        <\/div>   \r\n      <\/div>  \r\n   <\/div>\r\n<\/div>      \r\n\r\n<\/div>\t\t\t\t<\/div>\n\t\t\t\t<\/div>\n\t\t\t\t\t<\/div>\n\t\t<\/div>\n\t\t\t\t\t<\/div>\n\t\t<\/section>\n\t\t\t\t<section class=\"elementor-section elementor-top-section elementor-element elementor-element-1fbe8dbc elementor-section-boxed elementor-section-height-default elementor-section-height-default row-top\" data-id=\"1fbe8dbc\" data-element_type=\"section\" data-e-type=\"section\">\n\t\t\t\t\t\t<div class=\"elementor-container elementor-column-gap-default\">\n\t\t\t\t\t<div class=\"elementor-column elementor-col-100 elementor-top-column elementor-element elementor-element-505d4390\" data-id=\"505d4390\" data-element_type=\"column\" data-e-type=\"column\">\n\t\t\t<div class=\"elementor-widget-wrap elementor-element-populated\">\n\t\t\t\t\t\t<div class=\"elementor-element elementor-element-962a554 elementor-widget elementor-widget-gva-posts\" data-id=\"962a554\" data-element_type=\"widget\" data-e-type=\"widget\" data-widget_type=\"gva-posts.default\">\n\t\t\t\t<div class=\"elementor-widget-container\">\n\t\t\t\t\t<div class=\"gva-element-gva-posts gva-element\">  \r\n  <div class=\"gva-posts-grid clearfix gva-posts\">\r\n\t\t<div class=\"gva-content-items\"> \r\n\t\t  <div class=\"lg-block-grid-3 md-block-grid-3 sm-block-grid-2 xs-block-grid-2 xx-block-grid-1\">\r\n\t\t\t <div class=\"item-columns\">\r\n   <article id=\"post-2228\" class=\"post post-style-1 post-2228 type-post status-publish format-standard has-post-thumbnail hentry category-excursions-privees-agadir category-guide-voyage-agadir\">\r\n      \r\n               <div class=\"post-thumbnail\">\r\n            <a href=\"https:\/\/agadirexclusivetours.com\/en\/prix-excursion-privee-agadir-2026-guide-complet-tarifs\/\">\r\n               <img fetchpriority=\"high\" decoding=\"async\" width=\"580\" height=\"450\" src=\"https:\/\/agadirexclusivetours.com\/wp-content\/uploads\/2026\/01\/Combien-coute-une-excursion-privee-a-Agadir-Guide-des-prix-2026-580x450.webp\" class=\"attachment-tevily_medium size-tevily_medium wp-post-image\" alt=\"Combien co\u00fbte une excursion priv\u00e9e \u00e0 Agadir ? (Guide des prix 2026)\" \/>            <\/a>\r\n                           <div class=\"entry-date\">\r\n                  <span class=\"date\">16<\/span>\r\n                  <span class=\"month\">Jan<\/span>\r\n               <\/div>\r\n                     <\/div>   \r\n         \r\n\r\n      <div class=\"entry-content has-thumbnail\">\r\n         <div class=\"content-inner\">\r\n            <div class=\"entry-meta\">\r\n               <div class=\"clearfix meta-inline post-meta-1\"><span class=\"entry-date hidden\"><i class=\"far fa-calendar\"><\/i>16 January 2026<\/span><span class=\"author vcard\"><i class=\"far fa-user-circle\"><\/i>Omar Abdul<\/span><span class=\"post-comment\"><i class=\"far fa-comments\"><\/i>1 Comment<\/span><\/div>            <\/div> \r\n            <h3 class=\"entry-title\"><a href=\"https:\/\/agadirexclusivetours.com\/en\/prix-excursion-privee-agadir-2026-guide-complet-tarifs\/\" rel=\"bookmark\">Private excursion prices in Agadir: 2026 complete guide<\/a><\/h3>\r\n                        <div class=\"read-more\">\r\n               <a class=\"btn-inline\" href=\"https:\/\/agadirexclusivetours.com\/en\/prix-excursion-privee-agadir-2026-guide-complet-tarifs\/\">Read more<\/a>\r\n            <\/div>\r\n         <\/div>\r\n\r\n      <\/div>\r\n   <\/article>   \r\n\r\n  <\/div><div class=\"item-columns\">\r\n   <article id=\"post-2226\" class=\"post post-style-1 post-2226 type-post status-publish format-standard has-post-thumbnail hentry category-excursions-privees-agadir\">\r\n      \r\n               <div class=\"post-thumbnail\">\r\n            <a href=\"https:\/\/agadirexclusivetours.com\/en\/taghazout-village-colore-excursion-privee\/\">\r\n               <img decoding=\"async\" width=\"580\" height=\"450\" src=\"https:\/\/agadirexclusivetours.com\/wp-content\/uploads\/2026\/01\/Taghazout-village-colore-surf-et-excursions-privees-depuis-Agadir-580x450.webp\" class=\"attachment-tevily_medium size-tevily_medium wp-post-image\" alt=\"Taghazout : village color\u00e9, surf et excursions priv\u00e9es depuis Agadir\" \/>            <\/a>\r\n                           <div class=\"entry-date\">\r\n                  <span class=\"date\">16<\/span>\r\n                  <span class=\"month\">Jan<\/span>\r\n               <\/div>\r\n                     <\/div>   \r\n         \r\n\r\n      <div class=\"entry-content has-thumbnail\">\r\n         <div class=\"content-inner\">\r\n            <div class=\"entry-meta\">\r\n               <div class=\"clearfix meta-inline post-meta-1\"><span class=\"entry-date hidden\"><i class=\"far fa-calendar\"><\/i>16 January 2026<\/span><span class=\"author vcard\"><i class=\"far fa-user-circle\"><\/i>Omar Abdul<\/span><span class=\"post-comment\"><i class=\"far fa-comments\"><\/i>1 Comment<\/span><\/div>            <\/div> \r\n            <h3 class=\"entry-title\"><a href=\"https:\/\/agadirexclusivetours.com\/en\/taghazout-village-colore-excursion-privee\/\" rel=\"bookmark\">Taghazout : village color\u00e9, surf et excursions priv\u00e9es depuis Agadir<\/a><\/h3>\r\n                        <div class=\"read-more\">\r\n               <a class=\"btn-inline\" href=\"https:\/\/agadirexclusivetours.com\/en\/taghazout-village-colore-excursion-privee\/\">Read more<\/a>\r\n            <\/div>\r\n         <\/div>\r\n\r\n      <\/div>\r\n   <\/article>   \r\n\r\n  <\/div><div class=\"item-columns\">\r\n   <article id=\"post-2224\" class=\"post post-style-1 post-2224 type-post status-publish format-standard has-post-thumbnail hentry category-comparatif-excursions-agadir\">\r\n      \r\n               <div class=\"post-thumbnail\">\r\n            <a href=\"https:\/\/agadirexclusivetours.com\/en\/essaouira-ou-agadir-excursion-privee\/\">\r\n               <img decoding=\"async\" width=\"580\" height=\"450\" src=\"https:\/\/agadirexclusivetours.com\/wp-content\/uploads\/2026\/01\/Essaouira-ou-Agadir-quelle-excursion-choisir-pendant-votre-sejour--580x450.webp\" class=\"attachment-tevily_medium size-tevily_medium wp-post-image\" alt=\"Essaouira ou Agadir : quelle excursion choisir pendant votre s\u00e9jour ?\" \/>            <\/a>\r\n                           <div class=\"entry-date\">\r\n                  <span class=\"date\">16<\/span>\r\n                  <span class=\"month\">Jan<\/span>\r\n               <\/div>\r\n                     <\/div>   \r\n         \r\n\r\n      <div class=\"entry-content has-thumbnail\">\r\n         <div class=\"content-inner\">\r\n            <div class=\"entry-meta\">\r\n               <div class=\"clearfix meta-inline post-meta-1\"><span class=\"entry-date hidden\"><i class=\"far fa-calendar\"><\/i>16 January 2026<\/span><span class=\"author vcard\"><i class=\"far fa-user-circle\"><\/i>Omar Abdul<\/span><span class=\"post-comment\"><i class=\"far fa-comments\"><\/i>0 Comments<\/span><\/div>            <\/div> \r\n            <h3 class=\"entry-title\"><a href=\"https:\/\/agadirexclusivetours.com\/en\/essaouira-ou-agadir-excursion-privee\/\" rel=\"bookmark\">Essaouira ou Agadir : quelle excursion choisir pendant votre s\u00e9jour ?<\/a><\/h3>\r\n                        <div class=\"read-more\">\r\n               <a class=\"btn-inline\" href=\"https:\/\/agadirexclusivetours.com\/en\/essaouira-ou-agadir-excursion-privee\/\">Read more<\/a>\r\n            <\/div>\r\n         <\/div>\r\n\r\n      <\/div>\r\n   <\/article>   \r\n\r\n  <\/div><div class=\"item-columns\">\r\n   <article id=\"post-48\" class=\"post post-style-1 post-48 type-post status-publish format-standard has-post-thumbnail hentry category-activites-aventures-agadir category-excursions-privees-agadir category-nature-decouvertes-maroc tag-agadir tag-agadir-tourisme tag-visiter-agadir\">\r\n      \r\n               <div class=\"post-thumbnail\">\r\n            <a href=\"https:\/\/agadirexclusivetours.com\/en\/meilleures-excursions-privees-depart-agadir\/\">\r\n               <img loading=\"lazy\" decoding=\"async\" width=\"580\" height=\"450\" src=\"https:\/\/agadirexclusivetours.com\/wp-content\/uploads\/2026\/01\/Les-meilleures-excursions-privees-au-depart-dAgadir-580x450.webp\" class=\"attachment-tevily_medium size-tevily_medium wp-post-image\" alt=\"Les meilleures excursions priv\u00e9es au d\u00e9part d\u2019Agadir (nature, culture &amp; aventure)\" \/>            <\/a>\r\n                           <div class=\"entry-date\">\r\n                  <span class=\"date\">08<\/span>\r\n                  <span class=\"month\">Dec<\/span>\r\n               <\/div>\r\n                     <\/div>   \r\n         \r\n\r\n      <div class=\"entry-content has-thumbnail\">\r\n         <div class=\"content-inner\">\r\n            <div class=\"entry-meta\">\r\n               <div class=\"clearfix meta-inline post-meta-1\"><span class=\"entry-date hidden\"><i class=\"far fa-calendar\"><\/i>8 December 2020<\/span><span class=\"author vcard\"><i class=\"far fa-user-circle\"><\/i>Omar Abdul<\/span><span class=\"post-comment\"><i class=\"far fa-comments\"><\/i>0 Comments<\/span><\/div>            <\/div> \r\n            <h3 class=\"entry-title\"><a href=\"https:\/\/agadirexclusivetours.com\/en\/meilleures-excursions-privees-depart-agadir\/\" rel=\"bookmark\">Les meilleures excursions priv\u00e9es au d\u00e9part d\u2019Agadir (nature, culture &amp; aventure)<\/a><\/h3>\r\n                           <div class=\"entry-desc\">\r\n                  There are many variations of but the majority have simply free text available not suffered.               <\/div>   \r\n                        <div class=\"read-more\">\r\n               <a class=\"btn-inline\" href=\"https:\/\/agadirexclusivetours.com\/en\/meilleures-excursions-privees-depart-agadir\/\">Read more<\/a>\r\n            <\/div>\r\n         <\/div>\r\n\r\n      <\/div>\r\n   <\/article>   \r\n\r\n  <\/div><div class=\"item-columns\">\r\n   <article id=\"post-47\" class=\"post post-style-1 post-47 type-post status-publish format-standard has-post-thumbnail hentry category-excursions-privees-agadir category-guide-voyage-agadir tag-maroc-tourisme tag-visiter-agadir tag-voyage-au-maroc\">\r\n      \r\n               <div class=\"post-thumbnail\">\r\n            <a href=\"https:\/\/agadirexclusivetours.com\/en\/pourquoi-choisir-excursion-privee-agadir\/\">\r\n               <img loading=\"lazy\" decoding=\"async\" width=\"580\" height=\"450\" src=\"https:\/\/agadirexclusivetours.com\/wp-content\/uploads\/2026\/01\/Pourquoi-choisir-une-excursion-privee-a-Agadir-plutot-quun-tour-en-groupe--580x450.webp\" class=\"attachment-tevily_medium size-tevily_medium wp-post-image\" alt=\"Pourquoi choisir une excursion priv\u00e9e \u00e0 Agadir plut\u00f4t qu\u2019un tour en groupe ?\" \/>            <\/a>\r\n                           <div class=\"entry-date\">\r\n                  <span class=\"date\">08<\/span>\r\n                  <span class=\"month\">Dec<\/span>\r\n               <\/div>\r\n                     <\/div>   \r\n         \r\n\r\n      <div class=\"entry-content has-thumbnail\">\r\n         <div class=\"content-inner\">\r\n            <div class=\"entry-meta\">\r\n               <div class=\"clearfix meta-inline post-meta-1\"><span class=\"entry-date hidden\"><i class=\"far fa-calendar\"><\/i>8 December 2020<\/span><span class=\"author vcard\"><i class=\"far fa-user-circle\"><\/i>Omar Abdul<\/span><span class=\"post-comment\"><i class=\"far fa-comments\"><\/i>1 Comment<\/span><\/div>            <\/div> \r\n            <h3 class=\"entry-title\"><a href=\"https:\/\/agadirexclusivetours.com\/en\/pourquoi-choisir-excursion-privee-agadir\/\" rel=\"bookmark\">Pourquoi choisir une excursion priv\u00e9e \u00e0 Agadir plut\u00f4t qu\u2019un tour en groupe ?<\/a><\/h3>\r\n                           <div class=\"entry-desc\">\r\n                  There are many variations of but the majority have simply free text available not suffered.               <\/div>   \r\n                        <div class=\"read-more\">\r\n               <a class=\"btn-inline\" href=\"https:\/\/agadirexclusivetours.com\/en\/pourquoi-choisir-excursion-privee-agadir\/\">Read more<\/a>\r\n            <\/div>\r\n         <\/div>\r\n\r\n      <\/div>\r\n   <\/article>   \r\n\r\n  <\/div><div class=\"item-columns\">\r\n   <article id=\"post-46\" class=\"post post-style-1 post-46 type-post status-publish format-standard has-post-thumbnail hentry category-guide-voyage-agadir tag-agadir tag-maroc-tourisme tag-visiter-agadir\">\r\n      \r\n               <div class=\"post-thumbnail\">\r\n            <a href=\"https:\/\/agadirexclusivetours.com\/en\/agadir-destination-sure-touristes\/\">\r\n               <img loading=\"lazy\" decoding=\"async\" width=\"580\" height=\"450\" src=\"https:\/\/agadirexclusivetours.com\/wp-content\/uploads\/2026\/01\/Agadir-est-elle-une-destination-sure-pour-les-touristes-Conseils-dun-guide-local-580x450.webp\" class=\"attachment-tevily_medium size-tevily_medium wp-post-image\" alt=\"Agadir est-elle une destination s\u00fbre pour les touristes ? Conseils d\u2019un guide local\" \/>            <\/a>\r\n                           <div class=\"entry-date\">\r\n                  <span class=\"date\">08<\/span>\r\n                  <span class=\"month\">Dec<\/span>\r\n               <\/div>\r\n                     <\/div>   \r\n         \r\n\r\n      <div class=\"entry-content has-thumbnail\">\r\n         <div class=\"content-inner\">\r\n            <div class=\"entry-meta\">\r\n               <div class=\"clearfix meta-inline post-meta-1\"><span class=\"entry-date hidden\"><i class=\"far fa-calendar\"><\/i>8 December 2020<\/span><span class=\"author vcard\"><i class=\"far fa-user-circle\"><\/i>Omar Abdul<\/span><span class=\"post-comment\"><i class=\"far fa-comments\"><\/i>0 Comments<\/span><\/div>            <\/div> \r\n            <h3 class=\"entry-title\"><a href=\"https:\/\/agadirexclusivetours.com\/en\/agadir-destination-sure-touristes\/\" rel=\"bookmark\">Agadir est-elle une destination s\u00fbre pour les touristes ? Conseils d\u2019un guide local<\/a><\/h3>\r\n                           <div class=\"entry-desc\">\r\n                  There are many variations of but the majority have simply free text available not suffered.               <\/div>   \r\n                        <div class=\"read-more\">\r\n               <a class=\"btn-inline\" href=\"https:\/\/agadirexclusivetours.com\/en\/agadir-destination-sure-touristes\/\">Read more<\/a>\r\n            <\/div>\r\n         <\/div>\r\n\r\n      <\/div>\r\n   <\/article>   \r\n\r\n  <\/div>\t\t  <\/div>\r\n\t\t<\/div>\r\n\t\t\t\t\t <div class=\"pagination\">\r\n\t\t\t\t  <div class=\"column one pager_wrapper\"><div class=\"pager\"><div class=\"paginations\"><a href=\"https:\/\/agadirexclusivetours.com\/en\/wp-json\/wp\/v2\/pages\/25\/\" class=\"page-item active\">1<\/a><a href=\"https:\/\/agadirexclusivetours.com\/en\/wp-json\/wp\/v2\/pages\/25\/page\/2\/\" class=\"page-item\">2<\/a><a class=\"next_page\" href=\"https:\/\/agadirexclusivetours.com\/en\/wp-json\/wp\/v2\/pages\/25\/page\/2\/\"><i class=\"fas fa-chevron-right\"><\/i><\/a><\/div><\/div><\/div>\n\t\t\t <\/div>\r\n\t\t  <\/div>\r\n  <\/div>\t\t\t\t<\/div>\n\t\t\t\t<\/div>\n\t\t\t\t\t<\/div>\n\t\t<\/div>\n\t\t\t\t\t<\/div>\n\t\t<\/section>\n\t\t\t\t<\/div>","protected":false},"excerpt":{"rendered":"<p>News Home Page 16 janvier 2026omar-AET0 Comments Combien co\u00fbte une excursion priv\u00e9e \u00e0 Agadir ? (Guide des prix 2026) Read more 16 janvier 2026omar-AET0 Comments Taghazout : village color\u00e9, surf [&hellip;]<\/p>\n","protected":false},"author":1,"featured_media":0,"parent":0,"menu_order":0,"comment_status":"closed","ping_status":"closed","template":"","meta":{"_joinchat":[],"footnotes":""},"class_list":["post-25","page","type-page","status-publish","hentry"],"yoast_head":"<!-- This site is optimized with the Yoast SEO plugin v27.5 - https:\/\/yoast.com\/product\/yoast-seo-wordpress\/ -->\n<title>News - Agadir Exclusive Tours<\/title>\n<meta name=\"robots\" content=\"index, follow, max-snippet:-1, max-image-preview:large, max-video-preview:-1\" \/>\n<link rel=\"canonical\" href=\"https:\/\/agadirexclusivetours.com\/en\/news\/\" \/>\n<meta property=\"og:locale\" content=\"en_US\" \/>\n<meta property=\"og:type\" content=\"article\" \/>\n<meta property=\"og:title\" content=\"News - Agadir Exclusive Tours\" \/>\n<meta property=\"og:description\" content=\"News Home Page 16 janvier 2026omar-AET0 Comments Combien co\u00fbte une excursion priv\u00e9e \u00e0 Agadir ? (Guide des prix 2026) Read more 16 janvier 2026omar-AET0 Comments Taghazout : village color\u00e9, surf [&hellip;]\" \/>\n<meta property=\"og:url\" content=\"https:\/\/agadirexclusivetours.com\/en\/news\/\" \/>\n<meta property=\"og:site_name\" content=\"Agadir Exclusive Tours\" \/>\n<meta property=\"article:modified_time\" content=\"2026-01-16T12:34:59+00:00\" \/>\n<meta property=\"og:image\" content=\"https:\/\/agadirexclusivetours.com\/wp-content\/uploads\/2020\/12\/post-1-580x450.jpg\" \/>\n<meta name=\"twitter:card\" content=\"summary_large_image\" \/>\n<meta name=\"twitter:label1\" content=\"Est. reading time\" \/>\n\t<meta name=\"twitter:data1\" content=\"2 minutes\" \/>\n<script type=\"application\/ld+json\" class=\"yoast-schema-graph\">{\"@context\":\"https:\\\/\\\/schema.org\",\"@graph\":[{\"@type\":\"WebPage\",\"@id\":\"https:\\\/\\\/agadirexclusivetours.com\\\/news\\\/\",\"url\":\"https:\\\/\\\/agadirexclusivetours.com\\\/news\\\/\",\"name\":\"News - Agadir Exclusive Tours\",\"isPartOf\":{\"@id\":\"https:\\\/\\\/agadirexclusivetours.com\\\/#website\"},\"primaryImageOfPage\":{\"@id\":\"https:\\\/\\\/agadirexclusivetours.com\\\/news\\\/#primaryimage\"},\"image\":{\"@id\":\"https:\\\/\\\/agadirexclusivetours.com\\\/news\\\/#primaryimage\"},\"thumbnailUrl\":\"https:\\\/\\\/agadirexclusivetours.com\\\/wp-content\\\/uploads\\\/2020\\\/12\\\/post-1-580x450.jpg\",\"datePublished\":\"2020-12-08T03:54:06+00:00\",\"dateModified\":\"2026-01-16T12:34:59+00:00\",\"breadcrumb\":{\"@id\":\"https:\\\/\\\/agadirexclusivetours.com\\\/news\\\/#breadcrumb\"},\"inLanguage\":\"en-US\",\"potentialAction\":[{\"@type\":\"ReadAction\",\"target\":[\"https:\\\/\\\/agadirexclusivetours.com\\\/news\\\/\"]}]},{\"@type\":\"ImageObject\",\"inLanguage\":\"en-US\",\"@id\":\"https:\\\/\\\/agadirexclusivetours.com\\\/news\\\/#primaryimage\",\"url\":\"https:\\\/\\\/agadirexclusivetours.com\\\/wp-content\\\/uploads\\\/2020\\\/12\\\/post-1-580x450.jpg\",\"contentUrl\":\"https:\\\/\\\/agadirexclusivetours.com\\\/wp-content\\\/uploads\\\/2020\\\/12\\\/post-1-580x450.jpg\"},{\"@type\":\"BreadcrumbList\",\"@id\":\"https:\\\/\\\/agadirexclusivetours.com\\\/news\\\/#breadcrumb\",\"itemListElement\":[{\"@type\":\"ListItem\",\"position\":1,\"name\":\"Accueil\",\"item\":\"https:\\\/\\\/agadirexclusivetours.com\\\/\"},{\"@type\":\"ListItem\",\"position\":2,\"name\":\"News\"}]},{\"@type\":\"WebSite\",\"@id\":\"https:\\\/\\\/agadirexclusivetours.com\\\/#website\",\"url\":\"https:\\\/\\\/agadirexclusivetours.com\\\/\",\"name\":\"Agadir Exclusive Tours\",\"description\":\"Exploration priv\u00e9e, exp\u00e9rience authentique.\",\"publisher\":{\"@id\":\"https:\\\/\\\/agadirexclusivetours.com\\\/#organization\"},\"potentialAction\":[{\"@type\":\"SearchAction\",\"target\":{\"@type\":\"EntryPoint\",\"urlTemplate\":\"https:\\\/\\\/agadirexclusivetours.com\\\/?s={search_term_string}\"},\"query-input\":{\"@type\":\"PropertyValueSpecification\",\"valueRequired\":true,\"valueName\":\"search_term_string\"}}],\"inLanguage\":\"en-US\"},{\"@type\":\"Organization\",\"@id\":\"https:\\\/\\\/agadirexclusivetours.com\\\/#organization\",\"name\":\"Agadir Exclusive Tours\",\"url\":\"https:\\\/\\\/agadirexclusivetours.com\\\/\",\"logo\":{\"@type\":\"ImageObject\",\"inLanguage\":\"en-US\",\"@id\":\"https:\\\/\\\/agadirexclusivetours.com\\\/#\\\/schema\\\/logo\\\/image\\\/\",\"url\":\"https:\\\/\\\/agadirexclusivetours.com\\\/wp-content\\\/uploads\\\/2025\\\/08\\\/LOGO-agadir-exclusive-tours.webp\",\"contentUrl\":\"https:\\\/\\\/agadirexclusivetours.com\\\/wp-content\\\/uploads\\\/2025\\\/08\\\/LOGO-agadir-exclusive-tours.webp\",\"width\":300,\"height\":160,\"caption\":\"Agadir Exclusive Tours\"},\"image\":{\"@id\":\"https:\\\/\\\/agadirexclusivetours.com\\\/#\\\/schema\\\/logo\\\/image\\\/\"}}]}<\/script>\n<!-- \/ Yoast SEO plugin. -->","yoast_head_json":{"title":"News - Agadir Exclusive Tours","robots":{"index":"index","follow":"follow","max-snippet":"max-snippet:-1","max-image-preview":"max-image-preview:large","max-video-preview":"max-video-preview:-1"},"canonical":"https:\/\/agadirexclusivetours.com\/en\/news\/","og_locale":"en_US","og_type":"article","og_title":"News - Agadir Exclusive Tours","og_description":"News Home Page 16 janvier 2026omar-AET0 Comments Combien co\u00fbte une excursion priv\u00e9e \u00e0 Agadir ? (Guide des prix 2026) Read more 16 janvier 2026omar-AET0 Comments Taghazout : village color\u00e9, surf [&hellip;]","og_url":"https:\/\/agadirexclusivetours.com\/en\/news\/","og_site_name":"Agadir Exclusive Tours","article_modified_time":"2026-01-16T12:34:59+00:00","og_image":[{"url":"https:\/\/agadirexclusivetours.com\/wp-content\/uploads\/2020\/12\/post-1-580x450.jpg","type":"","width":"","height":""}],"twitter_card":"summary_large_image","twitter_misc":{"Est. reading time":"2 minutes"},"schema":{"@context":"https:\/\/schema.org","@graph":[{"@type":"WebPage","@id":"https:\/\/agadirexclusivetours.com\/news\/","url":"https:\/\/agadirexclusivetours.com\/news\/","name":"News - Agadir Exclusive Tours","isPartOf":{"@id":"https:\/\/agadirexclusivetours.com\/#website"},"primaryImageOfPage":{"@id":"https:\/\/agadirexclusivetours.com\/news\/#primaryimage"},"image":{"@id":"https:\/\/agadirexclusivetours.com\/news\/#primaryimage"},"thumbnailUrl":"https:\/\/agadirexclusivetours.com\/wp-content\/uploads\/2020\/12\/post-1-580x450.jpg","datePublished":"2020-12-08T03:54:06+00:00","dateModified":"2026-01-16T12:34:59+00:00","breadcrumb":{"@id":"https:\/\/agadirexclusivetours.com\/news\/#breadcrumb"},"inLanguage":"en-US","potentialAction":[{"@type":"ReadAction","target":["https:\/\/agadirexclusivetours.com\/news\/"]}]},{"@type":"ImageObject","inLanguage":"en-US","@id":"https:\/\/agadirexclusivetours.com\/news\/#primaryimage","url":"https:\/\/agadirexclusivetours.com\/wp-content\/uploads\/2020\/12\/post-1-580x450.jpg","contentUrl":"https:\/\/agadirexclusivetours.com\/wp-content\/uploads\/2020\/12\/post-1-580x450.jpg"},{"@type":"BreadcrumbList","@id":"https:\/\/agadirexclusivetours.com\/news\/#breadcrumb","itemListElement":[{"@type":"ListItem","position":1,"name":"Accueil","item":"https:\/\/agadirexclusivetours.com\/"},{"@type":"ListItem","position":2,"name":"News"}]},{"@type":"WebSite","@id":"https:\/\/agadirexclusivetours.com\/#website","url":"https:\/\/agadirexclusivetours.com\/","name":"Agadir Exclusive Tours","description":"Private exploration, authentic experience.","publisher":{"@id":"https:\/\/agadirexclusivetours.com\/#organization"},"potentialAction":[{"@type":"SearchAction","target":{"@type":"EntryPoint","urlTemplate":"https:\/\/agadirexclusivetours.com\/?s={search_term_string}"},"query-input":{"@type":"PropertyValueSpecification","valueRequired":true,"valueName":"search_term_string"}}],"inLanguage":"en-US"},{"@type":"Organization","@id":"https:\/\/agadirexclusivetours.com\/#organization","name":"Agadir Exclusive Tours","url":"https:\/\/agadirexclusivetours.com\/","logo":{"@type":"ImageObject","inLanguage":"en-US","@id":"https:\/\/agadirexclusivetours.com\/#\/schema\/logo\/image\/","url":"https:\/\/agadirexclusivetours.com\/wp-content\/uploads\/2025\/08\/LOGO-agadir-exclusive-tours.webp","contentUrl":"https:\/\/agadirexclusivetours.com\/wp-content\/uploads\/2025\/08\/LOGO-agadir-exclusive-tours.webp","width":300,"height":160,"caption":"Agadir Exclusive Tours"},"image":{"@id":"https:\/\/agadirexclusivetours.com\/#\/schema\/logo\/image\/"}}]}},"_links":{"self":[{"href":"https:\/\/agadirexclusivetours.com\/en\/wp-json\/wp\/v2\/pages\/25","targetHints":{"allow":["GET"]}}],"collection":[{"href":"https:\/\/agadirexclusivetours.com\/en\/wp-json\/wp\/v2\/pages"}],"about":[{"href":"https:\/\/agadirexclusivetours.com\/en\/wp-json\/wp\/v2\/types\/page"}],"author":[{"embeddable":true,"href":"https:\/\/agadirexclusivetours.com\/en\/wp-json\/wp\/v2\/users\/1"}],"replies":[{"embeddable":true,"href":"https:\/\/agadirexclusivetours.com\/en\/wp-json\/wp\/v2\/comments?post=25"}],"version-history":[{"count":0,"href":"https:\/\/agadirexclusivetours.com\/en\/wp-json\/wp\/v2\/pages\/25\/revisions"}],"wp:attachment":[{"href":"https:\/\/agadirexclusivetours.com\/en\/wp-json\/wp\/v2\/media?parent=25"}],"curies":[{"name":"wp","href":"https:\/\/api.w.org\/{rel}","templated":true}]}}